{"id":47,"date":"2014-07-21T15:50:44","date_gmt":"2014-07-21T15:50:44","guid":{"rendered":"http:\/\/berlboth.keinenorm.de\/?page_id=47"},"modified":"2014-07-21T19:07:03","modified_gmt":"2014-07-21T19:07:03","slug":"impressum","status":"publish","type":"page","link":"http:\/\/berlboth.keinenorm.de\/?page_id=47","title":{"rendered":"Impressum"},"content":{"rendered":"<p>Berl Both ist f\u00fcr alle Inhalte dieser Seite verantwortlich.<\/p>\n<p>Hondsdraf 1<br \/>\n8446 SP<br \/>\nHeerenveen<br \/>\n0031\/ 06 42 98 57 54<br \/>\nberlboth@hotmail.com<\/p>\n<p>Nutzung<br \/>\nKeine Teile dieser Website d\u00fcrfen in irgendeiner Form ohne ausdr\u00fcckliche schriftliche Genehmigung von mir kopiert, verkauft, verliehen oder in anderer Weise vervielf\u00e4ltigt werden. Die Verwendung der projektbezogenen Grafiken und Texten erfolgt auf ausdr\u00fcckliche Genehmigung der Auftraggeber. Jeder weitere Verwendung in welchen Medien auch immer ist untersagt bzw. bedarf meiner schriftlichen Genehmigung.<\/p>\n<p>Haftungshinweis<br \/>\nDie bereitgestellten Informationen auf dieser Webseite werden sorgf\u00e4ltig gepr\u00fcft und regelm\u00e4\u00dfig aktualisiert. Jedoch kann keine Garantie daf\u00fcr \u00fcbernommen werden, dass alle Angaben zu jeder Zeit vollst\u00e4ndig, richtig und in letzter Aktualit\u00e4t dargestellt sind. Dies gilt insbesondere f\u00fcr alle Links zu anderen Websites, auf die direkt oder indirekt verwiesen wird. Alle Angaben k\u00f6nnen ohne vorherige Ank\u00fcndigung erg\u00e4nzt oder entfernt werden.<\/p>\n<p>Urheberrecht<br \/>\nDie dargestellten Grafiken, Texte und Bilder sind urheberrechtlich gesch\u00fctzt. Die Vervielf\u00e4ltigung oder die Verwendung in anderen elektronischen oder gedruckten Publikationen ist ohne ausdr\u00fcckliche Zustimmung nicht gestattet. Das Material darf ohne ausdr\u00fcckliche schriftliche Genehmigung nicht kopiert, verkauft oder in jeglicher anderen Art vervielf\u00e4ltigt werden.<\/p>\n","protected":false},"excerpt":{"rendered":"<p>Berl Both ist f\u00fcr alle Inhalte dieser Seite verantwortlich. Hondsdraf 1 8446 SP Heerenveen 0031\/ 06 42 98 57 54 berlboth@hotmail.com Nutzung Keine Teile dieser Website d\u00fcrfen in irgendeiner Form ohne ausdr\u00fcckliche schriftliche Genehmigung von mir kopiert, verkauft, verliehen oder&#8230;<\/p>\n","protected":false},"author":1,"featured_media":0,"parent":0,"menu_order":0,"comment_status":"open","ping_status":"open","template":"","meta":{"footnotes":""},"_links":{"self":[{"href":"http:\/\/berlboth.keinenorm.de\/index.php?rest_route=\/wp\/v2\/pages\/47"}],"collection":[{"href":"http:\/\/berlboth.keinenorm.de\/index.php?rest_route=\/wp\/v2\/pages"}],"about":[{"href":"http:\/\/berlboth.keinenorm.de\/index.php?rest_route=\/wp\/v2\/types\/page"}],"author":[{"embeddable":true,"href":"http:\/\/berlboth.keinenorm.de\/index.php?rest_route=\/wp\/v2\/users\/1"}],"replies":[{"embeddable":true,"href":"http:\/\/berlboth.keinenorm.de\/index.php?rest_route=%2Fwp%2Fv2%2Fcomments&post=47"}],"version-history":[{"count":3,"href":"http:\/\/berlboth.keinenorm.de\/index.php?rest_route=\/wp\/v2\/pages\/47\/revisions"}],"predecessor-version":[{"id":63,"href":"http:\/\/berlboth.keinenorm.de\/index.php?rest_route=\/wp\/v2\/pages\/47\/revisions\/63"}],"wp:attachment":[{"href":"http:\/\/berlboth.keinenorm.de\/index.php?rest_route=%2Fwp%2Fv2%2Fmedia&parent=47"}],"curies":[{"name":"wp","href":"https:\/\/api.w.org\/{rel}","templated":true}]}}